{"id":118,"date":"2021-07-10T16:08:27","date_gmt":"2021-07-10T14:08:27","guid":{"rendered":"https:\/\/www.fanfarerossens.ch\/?page_id=118"},"modified":"2021-07-11T20:27:00","modified_gmt":"2021-07-11T18:27:00","slug":"historique","status":"publish","type":"page","link":"http:\/\/www.fanfarerossens.ch\/index.php\/historique\/","title":{"rendered":"Historique"},"content":{"rendered":"\n<p><strong>Par Robert AYER et Fr\u00e9d\u00e9ric DUCREST<\/strong><\/p>\n\n\n\n<p><strong>1946 \u2013 1988&nbsp;<\/strong><\/p>\n\n\n\n<p>Ce brin d\u2019histoire de ce que furent les 42 ans d\u2019existence de notre fanfare ce doit \u00eatre pour les anciens surtout le passage d\u2019un grand souffle tonique qui r\u00e9veillera l\u2019instinct de leur fiert\u00e9 d\u2019avoir appartenu \u00e0 cette cohorte de musiciens. Il doit \u00eatre aussi un pr\u00e9sent simple et chaleureux pour ceux qui ont v\u00e9cu du dehors les p\u00e9rip\u00e9ties de cette existence. Heureux pr\u00e9sage peut-\u00eatre, en cette nuit du 5 janvier 1946 la lune \u00e9tait sereine et jouait sur le toit de l\u2019\u00e9cole o\u00f9 s\u2019\u00e9tait r\u00e9unis 26 jeunes de ce village d\u00e9sireux de fonder une soci\u00e9t\u00e9 de musique. Le premier article des statuts approuv\u00e9s \u00e0 cette occasion \u00e9tait r\u00e9dig\u00e9 comme suit : \u00ab Le 5 janvier 1946 s\u2019est fond\u00e9e \u00e0 Rossens une soci\u00e9t\u00e9 paroissiale de musique sous la d\u00e9nomination de \u00ab Echo du Lac \u00bb qui a pour but d\u2019agr\u00e9menter toutes les manifestations religieuses, patriotiques et familiales de la paroisse. Elle s\u2019interdit toute activit\u00e9 politique \u00bb. A-t-elle manqu\u00e9 parfois \u00e0 cette exigence ? Des t\u00eates bien pensantes de notre village en ont parfois dout\u00e9 ! Mais elle a pleinement rempli son r\u00f4le au service de la communaut\u00e9 villageoise.<\/p>\n\n\n\n<figure class=\"wp-block-image size-large\"><img loading=\"lazy\" decoding=\"async\" width=\"1024\" height=\"666\" src=\"http:\/\/www.fanfarerossens.ch\/wp-content\/uploads\/2021\/07\/directeur-qui-se-cache-1024x666.jpg\" alt=\"\" class=\"wp-image-158\" srcset=\"http:\/\/www.fanfarerossens.ch\/wp-content\/uploads\/2021\/07\/directeur-qui-se-cache-1024x666.jpg 1024w, http:\/\/www.fanfarerossens.ch\/wp-content\/uploads\/2021\/07\/directeur-qui-se-cache-300x195.jpg 300w, http:\/\/www.fanfarerossens.ch\/wp-content\/uploads\/2021\/07\/directeur-qui-se-cache-768x500.jpg 768w, http:\/\/www.fanfarerossens.ch\/wp-content\/uploads\/2021\/07\/directeur-qui-se-cache-1536x1000.jpg 1536w, http:\/\/www.fanfarerossens.ch\/wp-content\/uploads\/2021\/07\/directeur-qui-se-cache.jpg 1552w\" sizes=\"auto, (max-width: 1024px) 100vw, 1024px\" \/><\/figure>\n\n\n\n<h2 class=\"has-medium-font-size wp-block-heading\">Membres fondateurs<\/h2>\n\n\n\n<div class=\"wp-block-columns is-layout-flex wp-container-core-columns-is-layout-9d6595d7 wp-block-columns-is-layout-flex\">\n<div class=\"wp-block-column is-layout-flow wp-block-column-is-layout-flow\">\n<p>Blanchard Alphonse<br>Bongard Denis<br>Bulliard Charles<br>Bulliard Francis<br>Bulliard Paul<br>Clerc Andr\u00e9<br>Clerc Callixte<br>Clerc Emile<br>Clerc Hubert<\/p>\n<\/div>\n\n\n\n<div class=\"wp-block-column is-layout-flow wp-block-column-is-layout-flow\">\n<p>Clerc Ignace<br>Clerc Joseph<br>Clerc L\u00e9on<br>Clerc Louis<br>Clerc Martin<br>Dupraz Narcisse<br>Favre Joseph<br>Frioud Marcel<br>Frioud Paul<\/p>\n<\/div>\n\n\n\n<div class=\"wp-block-column is-layout-flow wp-block-column-is-layout-flow\">\n<p>Kolly Etienne<br>Monney Sim\u00e9on<br>Moullet Jacques<br>Moullet L\u00e9on<br>Reynaud Ir\u00e9n\u00e9e<br>Sapin Roger<br>Vonlanthen Gabriel<br>Vonlanthen Victor<\/p>\n<\/div>\n<\/div>\n\n\n\n<p>Un comit\u00e9 de 5 membres, avec Emile Clerc, pr\u00e9sident, Etienne Kolly, Sim\u00e9on Monney, Calixte Clerc et Denis Bongard, remplac\u00e9 au bout de quelques semaines par Roger Sapin \u2013 longtemps l\u2019un des piliers de la soci\u00e9t\u00e9 \u2013 furent charg\u00e9s de conduire l\u2019embarcation \u00e0 bon port. On l\u2019appela donc \u00ab L\u2019Echo du Lac \u00bb car on pensait bien que, comme le lac de la Gruy\u00e8re qui se formait \u00e0 cette \u00e9poque-l\u00e0, elle conna\u00eetrait aussi des hauts et des bas. Elle \u00e9tait partie pour un voyage dans le temps qui la conduirait tant\u00f4t en des lieux de r\u00e9jouissance, tant\u00f4t en ces endroits o\u00f9 l\u2019homme est confront\u00e9 aux vicissitudes de la vie. D\u00e9sireux de voguer unis sous la m\u00eame banni\u00e8re, nos musiciens s\u2019y r\u00e9unirent d\u00e8s 1950 en compagnie d\u2019une marraine, Marie Blanchard et d\u2019un parrain, Marcel Ducrest, h\u00e9las partis contempler l\u2019\u00e9tendard c\u00e9leste. Et comme tout musicien qui se respecte, il fallut encore songer \u00e0 se v\u00eatir d\u2019un uniforme. Ce fut d\u2019abord une chemise blanche et la cravate bleue jusqu\u2019en 1954, puis un uniforme brun capucin acquis d\u2019occasion pour la somme globale de Fr. 1\u2019050.\u2013. Il a suffi de vendre 5000 tombolas \u00e0 Fr. \u2013.30 l\u2019un pour v\u00eatir 32 musiciens de t\u00eate aux pieds. La Commune octroya en surplus un don de Fr. 250.\u2014 et la Paroisse se contenta de son appui moral.<\/p>\n\n\n\n<figure class=\"wp-block-image size-large\"><img loading=\"lazy\" decoding=\"async\" width=\"872\" height=\"878\" src=\"http:\/\/www.fanfarerossens.ch\/wp-content\/uploads\/2021\/07\/1er_uniforme.jpg\" alt=\"\" class=\"wp-image-163\" srcset=\"http:\/\/www.fanfarerossens.ch\/wp-content\/uploads\/2021\/07\/1er_uniforme.jpg 872w, http:\/\/www.fanfarerossens.ch\/wp-content\/uploads\/2021\/07\/1er_uniforme-298x300.jpg 298w, http:\/\/www.fanfarerossens.ch\/wp-content\/uploads\/2021\/07\/1er_uniforme-150x150.jpg 150w, http:\/\/www.fanfarerossens.ch\/wp-content\/uploads\/2021\/07\/1er_uniforme-768x773.jpg 768w\" sizes=\"auto, (max-width: 872px) 100vw, 872px\" \/><\/figure>\n\n\n\n<p>Quand, pareillement v\u00eatus, nos musiciens estim\u00e8rent que l\u2019habit ne faisait plus le moine, ils d\u00e9cid\u00e8rent d\u2019en faire cadeau aux ouvriers occup\u00e9s aux travaux de la construction du barrage de la Grande Dixence. En 1962, la maison de L\u00e9on Clerc \u00e9tait investie en vue de servir de lieu d\u2019exp\u00e9dition de lanternes exp\u00e9di\u00e9es \u00e0 toutes les soci\u00e9t\u00e9s de musique de Suisse. Cette action \u00e9tait destin\u00e9e \u00e0 financer l\u2019acquisition de nouveaux uniformes et elle se solda par un beau succ\u00e8s.<\/p>\n\n\n\n<p>Les musiciens eurent \u00e0 choisir entre un uniforme gris et un \u00ab bleu clerc \u00bb, comme l\u2019\u00e9crivit le scribe de service (on choisit heureusement un bleu fonc\u00e9) et 26 ans plus tard (en 1988), il a gard\u00e9 encore un brin d\u2019\u00e9l\u00e9gance chez ceux qui n\u2019ont pas trop de bedaine.<\/p>\n\n\n\n<p>Las de flotter au vent, le drapeau avait aussi vieilli et subi des ans l\u2019irr\u00e9parable outrage. R\u00e9alis\u00e9 par Albert Monney, le nouveau drapeau fut inaugur\u00e9 en 1976. Dans l\u2019album des souvenirs, je revois cette ch\u00e8re marraine Marie Rouiller sous un arbre en fleurs, regardant ce drapeau, symbole du ralliement pour ceux qui lui \u00e9taient chers. Avril riait autour d\u2019elle. Elle souriait \u00e0 toutes choses, mais je crois bien que le ciel bleu de ce jour avait d\u00e9j\u00e0 la fragilit\u00e9 du r\u00eave. Le parrain, Alfred Kolly est rest\u00e9 \u00e0 bord, scrutant l\u2019horizon pour y d\u00e9celer les signes pr\u00e9curseurs d\u2019orages et veillant avec attention au bien-\u00eatre des marins bleus. Ainsi vogua ce bateau appel\u00e9 \u00ab Echo du Lac \u00bb. Il s\u2019arr\u00eata chez les hommes qui avaient organis\u00e9 ces f\u00eates o\u00f9 s\u2019exprime l\u2019\u00e2me d\u2019un peuple et donc faites pour oublier le monde quelques heures et s\u2019offrir le bonheur d\u2019ext\u00e9rioriser sa joie. Au gr\u00e9 des escales, l\u2019accueil fut chaleureux aux f\u00eates gru\u00e9riennes, \u00e0 Grandvillard, Vaulruz, La Tour-de-Tr\u00eame, La Roche, aux diverses f\u00eates du giron de la Sarine et aux inoubliables f\u00eates cantonales de Romont, Treyvaux et surtout Morat o\u00f9 un brillant r\u00e9sultat r\u00e9compensa un fructueux travail d\u2019\u00e9quipe.<\/p>\n\n\n\n<p>Que dire de ceux qui eurent pour mission de tenir le gouvernail. Le premier capitaine fut Gabriel Chappuis qui resta fid\u00e8le au poste durant 17 ans. Lui succ\u00e9d\u00e8rent Louis Fragni\u00e8re, Norbert Vonlanthen et Armand Maillard durant respectivement six, deux et douze ans. Depuis 1984, C\u2019est Claude blanc qui est aux commandes. Et il y eut ceux \u00e0 qui incombent toutes les corv\u00e9es et \u00e0 qui on attribue par complaisance le titre de pr\u00e9sident. Emile Clerc, Ignace Clerc, G\u00e9rald Ducrest, Robert Ayer et maintenant Charly Ducrest se sont r\u00e9partis ces ann\u00e9es faites de joie quand les hommes que nous sommes comprennent que nous avons besoin de temps pour vivre l\u2019amiti\u00e9.<\/p>\n\n\n\n<p><strong><em>Robert Ayer<\/em><\/strong><\/p>\n\n\n\n<figure class=\"wp-block-image size-large\"><img loading=\"lazy\" decoding=\"async\" width=\"1024\" height=\"770\" src=\"http:\/\/www.fanfarerossens.ch\/wp-content\/uploads\/2021\/07\/bistrot-ancien-1024x770.jpg\" alt=\"\" class=\"wp-image-162\" srcset=\"http:\/\/www.fanfarerossens.ch\/wp-content\/uploads\/2021\/07\/bistrot-ancien-1024x770.jpg 1024w, http:\/\/www.fanfarerossens.ch\/wp-content\/uploads\/2021\/07\/bistrot-ancien-300x225.jpg 300w, http:\/\/www.fanfarerossens.ch\/wp-content\/uploads\/2021\/07\/bistrot-ancien-768x577.jpg 768w, http:\/\/www.fanfarerossens.ch\/wp-content\/uploads\/2021\/07\/bistrot-ancien.jpg 1175w\" sizes=\"auto, (max-width: 1024px) 100vw, 1024px\" \/><\/figure>\n\n\n\n<p><strong>1988 \u2013 2016<\/strong><\/p>\n\n\n\n<p>Comme dans une course de relais, on se passe le t\u00e9moin, tous les coureurs sont tendus vers l\u2019objectif ultime : ramener le t\u00e9moin, ce tesson de m\u00e9moire, ce fragment d\u2019Histoire. Je dois le saisir \u00e0 la borne 1988 pour le ramener en 2016. H\u00e9las, ma connaissance des \u00e9v\u00e9nements souffre d\u2019imperfections, la course ne sera pas aussi fluide, puissent les supporters fid\u00e8les de la fanfare me pardonner. La soci\u00e9t\u00e9 r\u00e9coltait en effet en 1985 \u00e0 la Cantonale de Morat, les fruits de la formation de qualit\u00e9 d\u2019une dynamique phalange de jeunes. En 1988, las d\u2019entendre les quolibets fusant au passage de ces Rossensois mal fagot\u00e9s dans leurs uniformes aux allures de pompiers, le pr\u00e9sident Charles Ducrest enr\u00f4lait Michel Ducrest pour mettre sur pied les festivit\u00e9s d\u2019inauguration d\u2019une nouvelle parure. Au matin du Recrotzon, le 25 septembre 1988, l\u2019Echo du Lac \u00e9trennait son nouveau costume \u00e0 la fi\u00e8re allure napol\u00e9onienne.<\/p>\n\n\n\n<figure class=\"wp-block-image size-large\"><img loading=\"lazy\" decoding=\"async\" width=\"800\" height=\"570\" src=\"http:\/\/www.fanfarerossens.ch\/wp-content\/uploads\/2021\/07\/inauguration-uniformes.jpg\" alt=\"\" class=\"wp-image-161\" srcset=\"http:\/\/www.fanfarerossens.ch\/wp-content\/uploads\/2021\/07\/inauguration-uniformes.jpg 800w, http:\/\/www.fanfarerossens.ch\/wp-content\/uploads\/2021\/07\/inauguration-uniformes-300x214.jpg 300w, http:\/\/www.fanfarerossens.ch\/wp-content\/uploads\/2021\/07\/inauguration-uniformes-768x547.jpg 768w\" sizes=\"auto, (max-width: 800px) 100vw, 800px\" \/><\/figure>\n\n\n\n<p>Oubli\u00e9e la bonne vieille tenue d\u2019un bleu sombre \u2026 mais pas vraiment perdue dans les m\u00e9moires puisque les musiciens avaient dignement, et de fa\u00e7on inoubliable, f\u00eater la derni\u00e8re prestation avec les anciens costumes lors d\u2019une m\u00e9morable soir\u00e9e d\u2019adieu \u00e0 nos \u00ab tenues 62 \u00bb chez L\u00e9on Moullet. <em>\u00ab Tous les musiciens boivent, mais tous ceux qui boivent ne font pas forc\u00e9ment de la musique \u00bb<\/em> disait L\u00e9on, armagnac en main, prenant l\u2019air songeur du philosophe. Personne n\u2019a encore pu contredire ce pr\u00e9cepte ! Le rythme quinquennal structure la vie de la centaine de fanfares fribourgeoises se retrouvant ainsi en 1990 \u00e0 Marly, histoire de confirmer, pour l\u2019Echo du Lac dirig\u00e9 par Claude Blanc, l\u2019excellent niveau atteint cinq ans plus t\u00f4t. Des musiciens de Rossens s\u2019\u00e9taient rendu \u00e0 Marly non seulement pour donner le meilleur de leurs talents musicaux, mais encore pour scruter, analyser, les coulisses de l\u2019organisation d\u2019une telle f\u00eate. En effet, en 1992, le 18e giron des Musiques de la Sarine faisait \u00e9tape \u00e0 Rossens, il faudrait se montrer \u00e0 la hauteur.<\/p>\n\n\n\n<p>Sous la conduite dynamique du g\u00e9n\u00e9ral en chef Michel Ducrest, c\u2019est toute la communaut\u00e9 villageoise qui a d\u00e9ploy\u00e9 son savoir faire pour accueillir les 20 fanfares du giron lors d\u2019un magnifique week-end marqu\u00e9 notamment par le superbe concert de gala donn\u00e9 par la fanfare valaisanne de V\u00e9troz, laquelle \u00e9merveilla plus d\u2019un amateur, tant par le brio de la ma\u00eetrise technique des musiciens que par l\u2019endurance de ces m\u00eames fanfarons dans le grand raid \u00e0 travers les bars de la cantine. Le dimanche ensoleill\u00e9 du 10 mai 1992 offrait \u00e0 nos yeux le paysage familier du Gibloux et de la Berra comme \u00e9crin \u00e0 l\u2019\u00e9volution du cort\u00e8ge \u00e9grain\u00e9 sur le th\u00e8me des arts. Une telle f\u00eate constitue un formidable moment de coh\u00e9sion villageoise. Merci les fanfares ! Les grands \u00e9v\u00e9nements sont aussi des balises, plut\u00f4t des quais que certains musiciens se fixent d\u2019atteindre pour quitter l\u2019embarcation.<\/p>\n\n\n\n<p>Durant les ann\u00e9es 90, la fanfare a vu son effectif diminuer, paradoxale mais logique dividende d\u2019une croissance d\u00e9mographique villageoise en phase de digestion, mais pas encore v\u00e9ritablement assimil\u00e9e. Heureusement, un infracassable noyau de musiciens a pli\u00e9 l\u2019\u00e9chine sans c\u00e9der, misant sur le plaisir de partager ensemble de bons moments rehauss\u00e9s par la pratique d\u2019une musique aux accents moins ardus, permettant ainsi \u00e0 quelques jeunes d\u2019int\u00e9grer nos rangs plus ais\u00e9ment. Avec Juan Candil comme directeur, le paso doble fut \u00e0 l\u2019honneur. Avec ses excellentes comp\u00e9tences musicales, nous avons aussi appris \u00e0 conna\u00eetre une forme de d\u00e9contraction hispanique propre \u00e0 faire fondre toute la rigueur un rien militaire d\u2019un Echo du Lac \u00e9quip\u00e9 depuis 1988 rappelons-le en grenadiers napol\u00e9oniens !<\/p>\n\n\n\n<p>Au tournant du mill\u00e9naire, un vent r\u00e9volutionnaire d\u00e9coiffe l\u2019Echo du Lac. Signe des temps, chant du cygne d\u2019une m\u00e2le pr\u00e9rogative au commandement. Une jeune demoiselle, Christine Perroud, venue \u00e0 Rossens d\u2019abord pour un coup de main aux cornets, d\u00e9cide de franchir le rubicon de la direction. L\u2019ann\u00e9e de la Cantonale d\u2019Estavayer son enthousiasme, ses richesses de coeur et ses comp\u00e9tences mettent les musiciens au boulot. R\u00e9sultat des courses, l\u2019Echo du Lac tutoie les meilleures soci\u00e9t\u00e9s de la 3e cat\u00e9gorie lors du concours d\u2019Estamuse 2000. Avec Christine notre \u00e9cole de musique s\u2019est enrichie de nouvelles recrues, indispensable viatique pour la survie d\u2019une soci\u00e9t\u00e9. Elle s\u2019est engag\u00e9e sans compter pour ses jeunes qui, s\u2019ils n\u2019ont pas toujours gard\u00e9 le feu sacr\u00e9 pour la musique ou pour leur instrument, ont toujours manifest\u00e9 une joie ind\u00e9fectible \u00e0 partager l\u2019enthousiasme de Christine. A la Cantonale de Fribourg en 2005, l\u2019Echo du Lac confirmait son rang parmi les meilleurs ensembles de 3e cat\u00e9gorie brass band.<\/p>\n\n\n\n<p>Depuis l\u2019automne 2005, Eric Deillon nous inocule hebdomadairement son virus de la musique. C\u2019est une chance de travailler depuis 11 ans sous le signe de la passion, cette formidable \u00e9nergie dont est pourvue Eric. Il faut insister sur le terme \u00ab&nbsp;travailler&nbsp;\u00bb. Eric a des notes qui coulent dans son sang \u2026 et son sang ne fait qu\u2019un tour si nous ne prenons pas au s\u00e9rieux le travail en r\u00e9p\u00e9tition. Et comment ne pas suivre ce chef passionn\u00e9 qui nous a conduits \u00e0 de tr\u00e8s bons r\u00e9sultats dans les diff\u00e9rents girons et plus particuli\u00e8rement des places d\u2019honneur lors des Cantonales de 2010 \u00e0 Ch\u00e2tel et 2015 \u00e0 W\u00fcnnewil. A relever aussi notre excellent r\u00e9sultat lors de notre participation \u00e0 la Cantonale jurassienne de Val-Terbi en juin 2014. Lors de ces Cantonales, nous avons concouru en 3<sup>e<\/sup> cat\u00e9gorie tout en ne conc\u00e9dant rien au jeu du concours. Cela signifie que nous avons choisi des pi\u00e8ces exigeantes et n\u2019avons pas jou\u00e9 la carte des renforts externes. Le travail de fond men\u00e9 par Eric nous a tr\u00e8s clairement fait progresser dans la justesse et l\u2019intonation. En effet, comme Eric le rappelle souvent, c\u2019est \u00ab&nbsp;tr\u00e8s important&nbsp;\u00bb&nbsp;!<\/p>\n\n\n\n<figure class=\"wp-block-image size-large\"><img loading=\"lazy\" decoding=\"async\" width=\"1024\" height=\"681\" src=\"http:\/\/www.fanfarerossens.ch\/wp-content\/uploads\/2021\/07\/Fanfare-Polo-1024x681.jpg\" alt=\"\" class=\"wp-image-159\" srcset=\"http:\/\/www.fanfarerossens.ch\/wp-content\/uploads\/2021\/07\/Fanfare-Polo-1024x681.jpg 1024w, http:\/\/www.fanfarerossens.ch\/wp-content\/uploads\/2021\/07\/Fanfare-Polo-300x200.jpg 300w, http:\/\/www.fanfarerossens.ch\/wp-content\/uploads\/2021\/07\/Fanfare-Polo-768x511.jpg 768w, http:\/\/www.fanfarerossens.ch\/wp-content\/uploads\/2021\/07\/Fanfare-Polo-1536x1022.jpg 1536w, http:\/\/www.fanfarerossens.ch\/wp-content\/uploads\/2021\/07\/Fanfare-Polo-2048x1363.jpg 2048w\" sizes=\"auto, (max-width: 1024px) 100vw, 1024px\" \/><\/figure>\n\n\n\n<p>Durant cette d\u00e9cennie 2005-2015, nous avons d\u00fb r\u00e9pondre efficacement \u00e0 la sempiternelle question du renouvellement des effectifs en renfor\u00e7ant le socle de formation de nos jeunes. Gr\u00e2ce \u00e0 un subtil m\u00e9nage \u00e0 trois (commune \u2013 fanfare \u2013 parents), une convention est \u00e9tablie et les frais de cours sont ainsi assumables pour chacun. Et c\u2019est aussi la garantie d\u2019une formation de qualit\u00e9 dispens\u00e9e par des enseignants du Conservatoire. Les soci\u00e9t\u00e9s de musique sont confront\u00e9es, comme toutes les soci\u00e9t\u00e9s sportives d\u2019ailleurs, \u00e0 la difficult\u00e9 de former de nombreux jeunes qui ne poursuivent pas leur engagement sur le moyen et long terme. Volatilit\u00e9 d\u2019une g\u00e9n\u00e9ration \u00ab&nbsp;Z&nbsp;\u00bb vaccin\u00e9e aux \u00e9crans, au zapping, \u00e0 l\u2019individualisme. La diff\u00e9rence avec l\u2019initiation \u00e0 un jeu sportif (football, tennis de table \u2026), c\u2019est que la formation musicale et beaucoup plus astreignante en terme de travail personnel, beaucoup plus co\u00fbteuse \u00e9galement puisque les cours sont individuels. En cons\u00e9quence, les charges financi\u00e8res sont \u00e9normes. Il est donc logique que les parents et la collectivit\u00e9 soient sollicit\u00e9s d\u2019une fa\u00e7on notable.<\/p>\n\n\n\n<p>Et voil\u00e0, l\u2019ann\u00e9e 2016 marque la fin de la commune de Rossens d\u00e9sormais englob\u00e9e dans celle de Gibloux. Mais l\u2019ann\u00e9e 2016 marque surtout les 70 ans de notre fanfare, la gr\u00e2ce de b\u00e9nir une nouvelle banni\u00e8re en signe d\u2019espoir pour le futur, en espoir de ralliement pour les adeptes de la musique, cet antidote \u00e0 la morosit\u00e9. Nul doute qu\u2019avec notre g\u00e9n\u00e9ration \u00ab&nbsp;Y&nbsp;\u00bb \u2026 Yvette et Yves comme marraine et parrain, c\u2019est un ruban de joie qui demeurera nou\u00e9e \u00e0 notre nouveau drapeau, tant ces personnalit\u00e9s sont attach\u00e9es \u00e0 notre soci\u00e9t\u00e9. Et nous autres musiciens, nous nous r\u00e9jouissons d\u2019ores et d\u00e9j\u00e0 des \u00e9motions que nous partagerons d\u00e9sormais avec ce duo magique.<\/p>\n\n\n\n<p>Pour clore cette petite r\u00e9trospective de 70 ans d\u2019existence, il est judicieux de jeter un regard vers demain, comme pour conjurer le destin et le presser \u00e0 nous octroyer encore quelques d\u00e9cennies. La nouvelle commune laissera-t-elle une chance aux fanfares villageoises ? Ne sommes-nous pas une esp\u00e8ce en voie d\u2019extinction ? De nombreux indices nous contraignent \u00e0 un certain pessimisme car nos effectifs demeurent \u00e0 la limite. Ce qui est positif, c\u2019est que cela oblige chacun \u00e0 donner le meilleur car nous ne pouvons pas compter sur notre voisin pour assumer nos partitions et de ce fait, la solidarit\u00e9 s\u2019en trouve renforc\u00e9e car nous exp\u00e9rimentons l\u2019importance de notre pr\u00e9sence active dans le groupe. Finalement, faut-il vraiment avoir la certitude que la soci\u00e9t\u00e9 vivra encore longtemps pour s\u2019y engager ? Bien s\u00fbr que non. De toute fa\u00e7on, l\u2019Echo du Lac vivra tant qu\u2019on s\u2019y engagera, le reste n\u2019est que conjecture sans int\u00e9r\u00eat. Vive l\u2019Echo du Lac&nbsp;! \u2026 Que le lion rugisse, longtemps encore !<\/p>\n\n\n\n<p><strong><em>Fr\u00e9d\u00e9ric Ducrest<\/em><\/strong><\/p>\n","protected":false},"excerpt":{"rendered":"<p>Par Robert AYER et Fr\u00e9d\u00e9ric DUCREST 1946 \u2013 1988&nbsp; Ce brin d\u2019histoire de ce que furent les 42 ans d\u2019existence de notre fanfare ce doit \u00eatre pour les anciens surtout le passage d\u2019un grand souffle tonique qui r\u00e9veillera l\u2019instinct de leur fiert\u00e9 d\u2019avoir appartenu \u00e0 cette cohorte de musiciens. Il doit \u00eatre aussi un pr\u00e9sent &hellip; <a href=\"http:\/\/www.fanfarerossens.ch\/index.php\/historique\/\" class=\"more-link\">Continuer la lecture de <span class=\"screen-reader-text\">Historique<\/span> <span class=\"meta-nav\">&rarr;<\/span><\/a><\/p>\n","protected":false},"author":2,"featured_media":0,"parent":0,"menu_order":0,"comment_status":"closed","ping_status":"closed","template":"","meta":{"footnotes":""},"class_list":["post-118","page","type-page","status-publish","hentry"],"_links":{"self":[{"href":"http:\/\/www.fanfarerossens.ch\/index.php\/wp-json\/wp\/v2\/pages\/118","targetHints":{"allow":["GET"]}}],"collection":[{"href":"http:\/\/www.fanfarerossens.ch\/index.php\/wp-json\/wp\/v2\/pages"}],"about":[{"href":"http:\/\/www.fanfarerossens.ch\/index.php\/wp-json\/wp\/v2\/types\/page"}],"author":[{"embeddable":true,"href":"http:\/\/www.fanfarerossens.ch\/index.php\/wp-json\/wp\/v2\/users\/2"}],"replies":[{"embeddable":true,"href":"http:\/\/www.fanfarerossens.ch\/index.php\/wp-json\/wp\/v2\/comments?post=118"}],"version-history":[{"count":7,"href":"http:\/\/www.fanfarerossens.ch\/index.php\/wp-json\/wp\/v2\/pages\/118\/revisions"}],"predecessor-version":[{"id":172,"href":"http:\/\/www.fanfarerossens.ch\/index.php\/wp-json\/wp\/v2\/pages\/118\/revisions\/172"}],"wp:attachment":[{"href":"http:\/\/www.fanfarerossens.ch\/index.php\/wp-json\/wp\/v2\/media?parent=118"}],"curies":[{"name":"wp","href":"https:\/\/api.w.org\/{rel}","templated":true}]}}