{"id":120,"date":"2021-07-10T16:09:09","date_gmt":"2021-07-10T14:09:09","guid":{"rendered":"https:\/\/www.fanfarerossens.ch\/?page_id=120"},"modified":"2026-03-16T20:19:23","modified_gmt":"2026-03-16T19:19:23","slug":"comite-commission","status":"publish","type":"page","link":"http:\/\/www.fanfarerossens.ch\/index.php\/comite-commission\/","title":{"rendered":"Comit\u00e9-Commission"},"content":{"rendered":"\n<h2 class=\"wp-block-heading\">Comit\u00e9<\/h2>\n\n\n\n\n\n<div class=\"wp-block-columns is-layout-flex wp-container-core-columns-is-layout-9d6595d7 wp-block-columns-is-layout-flex\">\n<div class=\"wp-block-column is-layout-flow wp-block-column-is-layout-flow\" style=\"flex-basis:100%\">\n<div class=\"wp-block-group\"><div class=\"wp-block-group__inner-container is-layout-flow wp-block-group-is-layout-flow\">\n<figure class=\"wp-block-table is-style-stripes\"><table><tbody><tr><td>Pr\u00e9sidente<\/td><td>Lucie Galley<\/td><\/tr><tr><td>Secr\u00e9taire<\/td><td>Laurent Bulliard<\/td><\/tr><tr><td>Caissier<\/td><td>Samuel Rouiller<\/td><\/tr><tr><td>Responsable des jeunes<\/td><td>Catherine Bart<\/td><\/tr><tr><td>Logistique<\/td><td>Elodie Schwaller<\/td><\/tr><\/tbody><\/table><\/figure>\n<\/div><\/div>\n<\/div>\n<\/div>\n\n\n\n<hr class=\"wp-block-separator has-text-color has-dark-gray-color has-css-opacity has-dark-gray-background-color has-background is-style-wide\"\/>\n\n\n\n\n\n<h2 class=\"wp-block-heading\">Commission de musique<\/h2>\n\n\n\n<figure class=\"wp-block-table is-style-stripes\"><table><tbody><tr><td>Directeur<\/td><td>Fabien Gavillet<\/td><\/tr><tr><td>Repr\u00e9sentant cornets solos<\/td><td>Elodie Schwaller<\/td><\/tr><tr><td>Repr\u00e9sentant cornets 2-3\u00e8me<\/td><td>Aline Bart<\/td><\/tr><tr><td>Repr\u00e9sentant bugle<\/td><td>Lauriane Clerc<\/td><\/tr><tr><td>Repr\u00e9sentant altos<\/td><td>Lucie Galley<\/td><\/tr><tr><td>Repr\u00e9sentant barytons-euphoniums<\/td><td>Laurent Bulliard<\/td><\/tr><tr><td>Repr\u00e9sentant trombone<\/td><td>Daniel Clerc<\/td><\/tr><tr><td>Repr\u00e9sentant basses<\/td><td>Robert Blanc<\/td><\/tr><tr><td>Repr\u00e9sentant percussions<\/td><td>vacant<\/td><\/tr><\/tbody><\/table><\/figure>\n","protected":false},"excerpt":{"rendered":"<p>Comit\u00e9 Pr\u00e9sidente Lucie Galley Secr\u00e9taire Laurent Bulliard Caissier Samuel Rouiller Responsable des jeunes Catherine Bart Logistique Elodie Schwaller Commission de musique Directeur Fabien Gavillet Repr\u00e9sentant cornets solos Elodie Schwaller Repr\u00e9sentant cornets 2-3\u00e8me Aline Bart Repr\u00e9sentant bugle Lauriane Clerc Repr\u00e9sentant altos Lucie Galley Repr\u00e9sentant barytons-euphoniums Laurent Bulliard Repr\u00e9sentant trombone Daniel Clerc Repr\u00e9sentant basses Robert Blanc Repr\u00e9sentant &hellip; <a href=\"http:\/\/www.fanfarerossens.ch\/index.php\/comite-commission\/\" class=\"more-link\">Continuer la lecture de <span class=\"screen-reader-text\">Comit\u00e9-Commission<\/span> <span class=\"meta-nav\">&rarr;<\/span><\/a><\/p>\n","protected":false},"author":2,"featured_media":0,"parent":0,"menu_order":0,"comment_status":"closed","ping_status":"closed","template":"","meta":{"footnotes":""},"class_list":["post-120","page","type-page","status-publish","hentry"],"_links":{"self":[{"href":"http:\/\/www.fanfarerossens.ch\/index.php\/wp-json\/wp\/v2\/pages\/120","targetHints":{"allow":["GET"]}}],"collection":[{"href":"http:\/\/www.fanfarerossens.ch\/index.php\/wp-json\/wp\/v2\/pages"}],"about":[{"href":"http:\/\/www.fanfarerossens.ch\/index.php\/wp-json\/wp\/v2\/types\/page"}],"author":[{"embeddable":true,"href":"http:\/\/www.fanfarerossens.ch\/index.php\/wp-json\/wp\/v2\/users\/2"}],"replies":[{"embeddable":true,"href":"http:\/\/www.fanfarerossens.ch\/index.php\/wp-json\/wp\/v2\/comments?post=120"}],"version-history":[{"count":17,"href":"http:\/\/www.fanfarerossens.ch\/index.php\/wp-json\/wp\/v2\/pages\/120\/revisions"}],"predecessor-version":[{"id":573,"href":"http:\/\/www.fanfarerossens.ch\/index.php\/wp-json\/wp\/v2\/pages\/120\/revisions\/573"}],"wp:attachment":[{"href":"http:\/\/www.fanfarerossens.ch\/index.php\/wp-json\/wp\/v2\/media?parent=120"}],"curies":[{"name":"wp","href":"https:\/\/api.w.org\/{rel}","templated":true}]}}