{"id":189,"date":"2021-07-11T20:57:04","date_gmt":"2021-07-11T18:57:04","guid":{"rendered":"https:\/\/www.fanfarerossens.ch\/?page_id=189"},"modified":"2024-07-10T22:21:31","modified_gmt":"2024-07-10T20:21:31","slug":"agenda","status":"publish","type":"page","link":"http:\/\/www.fanfarerossens.ch\/index.php\/agenda\/","title":{"rendered":"Agenda"},"content":{"rendered":"\n<h2 class=\"wp-block-heading\">2023-2024<\/h2>\n\n\n\n<p>Di 28.04.24 : Messe Benemerenti<br>Sa 04.05.24 : Mariage M\u00e9lanie &amp; Baptiste<br>Di 19.05.24 : 1\u00e8re Communion<br>Sa 25 et di 26.05.24 : Giron Sarine, Marly<br>Je 30.05.24 : Messe F\u00eate-Dieu<br>Ma 04.06.24 : Examens cours direction<br>Je 06.06.24 : Examens cours direction<br>Di 09.06.24 : Prestation FCJM<br>Ve 14.06.24 : Concert d&rsquo;\u00e9t\u00e9<\/p>\n\n\n\n<h2 class=\"wp-block-heading\">2022<\/h2>\n\n\n\n<figure class=\"wp-block-table\"><table><tbody><tr><td><\/td><td><\/td><\/tr><tr><td><\/td><td><\/td><\/tr><\/tbody><\/table><\/figure>\n\n\n\n<h2 class=\"wp-block-heading\">2021<\/h2>\n\n\n\n<figure class=\"wp-block-table\"><table><tbody><tr><td><\/td><td><\/td><\/tr><tr><td><\/td><td><\/td><\/tr><\/tbody><\/table><\/figure>\n\n\n\n<h2 class=\"wp-block-heading\">2020<\/h2>\n\n\n\n<figure class=\"wp-block-table\"><table><tbody><tr><td><\/td><td><\/td><\/tr><tr><td><\/td><td><\/td><\/tr><\/tbody><\/table><\/figure>\n\n\n\n<h2 class=\"wp-block-heading\">2019<\/h2>\n\n\n\n<figure class=\"wp-block-table\"><table><tbody><tr><td><\/td><td><\/td><\/tr><tr><td><\/td><td><\/td><\/tr><\/tbody><\/table><\/figure>\n","protected":false},"excerpt":{"rendered":"<p>2023-2024 Di 28.04.24 : Messe BenemerentiSa 04.05.24 : Mariage M\u00e9lanie &amp; BaptisteDi 19.05.24 : 1\u00e8re CommunionSa 25 et di 26.05.24 : Giron Sarine, MarlyJe 30.05.24 : Messe F\u00eate-DieuMa 04.06.24 : Examens cours directionJe 06.06.24 : Examens cours directionDi 09.06.24 : Prestation FCJMVe 14.06.24 : Concert d&rsquo;\u00e9t\u00e9 2022 2021 2020 2019<\/p>\n","protected":false},"author":2,"featured_media":0,"parent":0,"menu_order":0,"comment_status":"closed","ping_status":"closed","template":"","meta":{"footnotes":""},"class_list":["post-189","page","type-page","status-publish","hentry"],"_links":{"self":[{"href":"http:\/\/www.fanfarerossens.ch\/index.php\/wp-json\/wp\/v2\/pages\/189","targetHints":{"allow":["GET"]}}],"collection":[{"href":"http:\/\/www.fanfarerossens.ch\/index.php\/wp-json\/wp\/v2\/pages"}],"about":[{"href":"http:\/\/www.fanfarerossens.ch\/index.php\/wp-json\/wp\/v2\/types\/page"}],"author":[{"embeddable":true,"href":"http:\/\/www.fanfarerossens.ch\/index.php\/wp-json\/wp\/v2\/users\/2"}],"replies":[{"embeddable":true,"href":"http:\/\/www.fanfarerossens.ch\/index.php\/wp-json\/wp\/v2\/comments?post=189"}],"version-history":[{"count":7,"href":"http:\/\/www.fanfarerossens.ch\/index.php\/wp-json\/wp\/v2\/pages\/189\/revisions"}],"predecessor-version":[{"id":498,"href":"http:\/\/www.fanfarerossens.ch\/index.php\/wp-json\/wp\/v2\/pages\/189\/revisions\/498"}],"wp:attachment":[{"href":"http:\/\/www.fanfarerossens.ch\/index.php\/wp-json\/wp\/v2\/media?parent=189"}],"curies":[{"name":"wp","href":"https:\/\/api.w.org\/{rel}","templated":true}]}}