{"id":115,"date":"2021-07-10T16:07:05","date_gmt":"2021-07-10T14:07:05","guid":{"rendered":"https:\/\/www.fanfarerossens.ch\/?page_id=115"},"modified":"2024-01-21T08:20:29","modified_gmt":"2024-01-21T07:20:29","slug":"presidente","status":"publish","type":"page","link":"https:\/\/www.fanfarerossens.ch\/index.php\/presidente\/","title":{"rendered":"Pr\u00e9sidente"},"content":{"rendered":"\n<h2 class=\"wp-block-heading\">Lucie Galley<\/h2>\n\n\n\n<div class=\"wp-block-media-text alignwide is-stacked-on-mobile\"><figure class=\"wp-block-media-text__media\"><\/figure><div class=\"wp-block-media-text__content\">\n<p class=\"has-large-font-size\"><\/p>\n<\/div><\/div>\n\n\n\n<p>Description \u00e0 venir<\/p>\n\n\n\n<hr class=\"wp-block-separator has-text-color has-dark-gray-color has-css-opacity has-dark-gray-background-color has-background is-style-wide\"\/>\n\n\n\n<h2 class=\"wp-block-heading\">Anciens pr\u00e9sidents<\/h2>\n\n\n\n<figure class=\"wp-block-table is-style-stripes\"><table><tbody><tr><td><strong>Pr\u00e9nom et nom<\/strong><\/td><td><strong>Ann\u00e9es en fonction<\/strong><\/td><\/tr><tr><td>Lucie Galley<\/td><td>2020 &#8211; <\/td><\/tr><tr><td>Florence Ayer<\/td><td>2017 &#8211; 2020<\/td><\/tr><tr><td>Nicolas Rouiller<\/td><td>2011 &#8211; 2017<\/td><\/tr><tr><td>Laurent Buillard<\/td><td>2010 &#8211; 2011<\/td><\/tr><tr><td>Daniel Clerc<\/td><td>2004 &#8211; 2010<\/td><\/tr><tr><td>J\u00e9r\u00f4me Br\u00fcgger<\/td><td>2001 &#8211; 2004<\/td><\/tr><tr><td>Fr\u00e9d\u00e9ric Ducrest<\/td><td>1999 &#8211; 2001<\/td><\/tr><tr><td>Pierre Rouiller<\/td><td>1996 &#8211; 1999<\/td><\/tr><tr><td>Yves Crausaz<\/td><td>1992 &#8211; 1996<\/td><\/tr><tr><td>Charles Ducrest<\/td><td>1986 &#8211; 1992<\/td><\/tr><tr><td>Robert Ayer<\/td><td>1968 &#8211; 1986<\/td><\/tr><tr><td>G\u00e9rald Ducrest<\/td><td>1966 &#8211; 1968<\/td><\/tr><tr><td>Robert Ayer<\/td><td>1954 &#8211; 1966<\/td><\/tr><tr><td>Ignace Clerc<\/td><td>1950 &#8211; 1954<\/td><\/tr><tr><td>Emile Clerc<\/td><td>1946 -1950<\/td><\/tr><\/tbody><\/table><\/figure>\n","protected":false},"excerpt":{"rendered":"<p>Lucie Galley Description \u00e0 venir Anciens pr\u00e9sidents Pr\u00e9nom et nom Ann\u00e9es en fonction Lucie Galley 2020 &#8211; Florence Ayer 2017 &#8211; 2020 Nicolas Rouiller 2011 &#8211; 2017 Laurent Buillard 2010 &#8211; 2011 Daniel Clerc 2004 &#8211; 2010 J\u00e9r\u00f4me Br\u00fcgger 2001 &#8211; 2004 Fr\u00e9d\u00e9ric Ducrest 1999 &#8211; 2001 Pierre Rouiller 1996 &#8211; 1999 Yves Crausaz 1992 &hellip; <a href=\"https:\/\/www.fanfarerossens.ch\/index.php\/presidente\/\" class=\"more-link\">Continuer la lecture de <span class=\"screen-reader-text\">Pr\u00e9sidente<\/span> <span class=\"meta-nav\">&rarr;<\/span><\/a><\/p>\n","protected":false},"author":2,"featured_media":0,"parent":0,"menu_order":0,"comment_status":"closed","ping_status":"closed","template":"","meta":{"footnotes":""},"class_list":["post-115","page","type-page","status-publish","hentry"],"_links":{"self":[{"href":"https:\/\/www.fanfarerossens.ch\/index.php\/wp-json\/wp\/v2\/pages\/115","targetHints":{"allow":["GET"]}}],"collection":[{"href":"https:\/\/www.fanfarerossens.ch\/index.php\/wp-json\/wp\/v2\/pages"}],"about":[{"href":"https:\/\/www.fanfarerossens.ch\/index.php\/wp-json\/wp\/v2\/types\/page"}],"author":[{"embeddable":true,"href":"https:\/\/www.fanfarerossens.ch\/index.php\/wp-json\/wp\/v2\/users\/2"}],"replies":[{"embeddable":true,"href":"https:\/\/www.fanfarerossens.ch\/index.php\/wp-json\/wp\/v2\/comments?post=115"}],"version-history":[{"count":9,"href":"https:\/\/www.fanfarerossens.ch\/index.php\/wp-json\/wp\/v2\/pages\/115\/revisions"}],"predecessor-version":[{"id":451,"href":"https:\/\/www.fanfarerossens.ch\/index.php\/wp-json\/wp\/v2\/pages\/115\/revisions\/451"}],"wp:attachment":[{"href":"https:\/\/www.fanfarerossens.ch\/index.php\/wp-json\/wp\/v2\/media?parent=115"}],"curies":[{"name":"wp","href":"https:\/\/api.w.org\/{rel}","templated":true}]}}