{"id":522,"date":"2025-02-18T19:45:00","date_gmt":"2025-02-18T18:45:00","guid":{"rendered":"https:\/\/www.fanfarerossens.ch\/?page_id=522"},"modified":"2026-03-04T21:29:19","modified_gmt":"2026-03-04T20:29:19","slug":"giron-2027","status":"publish","type":"page","link":"https:\/\/www.fanfarerossens.ch\/index.php\/giron-2027\/","title":{"rendered":"Giron 2027"},"content":{"rendered":"\n<p class=\"has-text-align-left\">L&rsquo;Echo du Lac de Rossens a le plaisir d&rsquo;organiser la prochaine :<\/p>\n\n\n\n<p class=\"has-text-align-center has-medium-font-size\"><strong>36e F\u00eate du Giron des Musiques de la Sarine<\/strong><br>du jeudi 20 au dimanche 23 mai 2027<\/p>\n\n\n\n<p>Plus d&rsquo;infos suivront tout bient\u00f4t sur le futur site internet de la f\u00eate : <a href=\"http:\/\/www.rossens2027.ch\" target=\"_blank\" rel=\"noreferrer noopener\">www.rossens2027.ch<\/a><\/p>\n\n\n\n<p><\/p>\n","protected":false},"excerpt":{"rendered":"<p>L&rsquo;Echo du Lac de Rossens a le plaisir d&rsquo;organiser la prochaine : 36e F\u00eate du Giron des Musiques de la Sarinedu jeudi 20 au dimanche 23 mai 2027 Plus d&rsquo;infos suivront tout bient\u00f4t sur le futur site internet de la f\u00eate : www.rossens2027.ch<\/p>\n","protected":false},"author":2,"featured_media":0,"parent":0,"menu_order":0,"comment_status":"closed","ping_status":"closed","template":"","meta":{"footnotes":""},"class_list":["post-522","page","type-page","status-publish","hentry"],"_links":{"self":[{"href":"https:\/\/www.fanfarerossens.ch\/index.php\/wp-json\/wp\/v2\/pages\/522","targetHints":{"allow":["GET"]}}],"collection":[{"href":"https:\/\/www.fanfarerossens.ch\/index.php\/wp-json\/wp\/v2\/pages"}],"about":[{"href":"https:\/\/www.fanfarerossens.ch\/index.php\/wp-json\/wp\/v2\/types\/page"}],"author":[{"embeddable":true,"href":"https:\/\/www.fanfarerossens.ch\/index.php\/wp-json\/wp\/v2\/users\/2"}],"replies":[{"embeddable":true,"href":"https:\/\/www.fanfarerossens.ch\/index.php\/wp-json\/wp\/v2\/comments?post=522"}],"version-history":[{"count":5,"href":"https:\/\/www.fanfarerossens.ch\/index.php\/wp-json\/wp\/v2\/pages\/522\/revisions"}],"predecessor-version":[{"id":569,"href":"https:\/\/www.fanfarerossens.ch\/index.php\/wp-json\/wp\/v2\/pages\/522\/revisions\/569"}],"wp:attachment":[{"href":"https:\/\/www.fanfarerossens.ch\/index.php\/wp-json\/wp\/v2\/media?parent=522"}],"curies":[{"name":"wp","href":"https:\/\/api.w.org\/{rel}","templated":true}]}}